{"id":13,"date":"2022-05-19T19:15:53","date_gmt":"2022-05-19T17:15:53","guid":{"rendered":"http:\/\/societe-api.fr\/?page_id=13"},"modified":"2023-07-27T17:47:47","modified_gmt":"2023-07-27T15:47:47","slug":"notre-histoire","status":"publish","type":"page","link":"https:\/\/societe-api.fr\/","title":{"rendered":"L&rsquo;Atelier du Panneau Isolant"},"content":{"rendered":"<div id=\"metaslider-id-317\" style=\"width: 100%; margin: 0 auto;\" class=\"ml-slider-3-28-2 metaslider metaslider-flex metaslider-317 ml-slider\">\n    <div id=\"metaslider_container_317\">\n        <div id=\"metaslider_317\">\n            <ul aria-live=\"polite\" class=\"slides\">\n                <li style=\"display: none; width: 100%;\" class=\"slide-323 ms-image\"><img loading=\"lazy\" decoding=\"async\" src=\"https:\/\/societe-api.fr\/wp-content\/uploads\/2023\/01\/20221220_104455-scaled-700x300.jpg\" height=\"300\" width=\"700\" alt=\"API - l&#039;atelier de production du panneau isolant\" class=\"slider-317 slide-323\" title=\"20221220_104455\" \/><\/li>\n                <li style=\"display: none; width: 100%;\" class=\"slide-324 ms-image\"><img loading=\"lazy\" decoding=\"async\" src=\"https:\/\/societe-api.fr\/wp-content\/uploads\/2023\/01\/20221220_104641-scaled-700x300.jpg\" height=\"300\" width=\"700\" alt=\"API - l&#039;atelier de production du panneau isolant\" class=\"slider-317 slide-324\" title=\"20221220_104641\" \/><\/li>\n                <li style=\"display: none; width: 100%;\" class=\"slide-325 ms-image\"><img loading=\"lazy\" decoding=\"async\" src=\"https:\/\/societe-api.fr\/wp-content\/uploads\/2023\/01\/20221220_104847-scaled-700x300.jpg\" height=\"300\" width=\"700\" alt=\"API - l&#039;atelier de production du panneau isolant\" class=\"slider-317 slide-325\" title=\"20221220_104847\" \/><\/li>\n                <li style=\"display: none; width: 100%;\" class=\"slide-326 ms-image\"><img loading=\"lazy\" decoding=\"async\" src=\"https:\/\/societe-api.fr\/wp-content\/uploads\/2023\/01\/20221220_105125-scaled-700x300.jpg\" height=\"300\" width=\"700\" alt=\"API - l&#039;atelier de production du panneau isolant\" class=\"slider-317 slide-326\" title=\"20221220_105125\" \/><\/li>\n                <li style=\"display: none; width: 100%;\" class=\"slide-327 ms-image\"><img loading=\"lazy\" decoding=\"async\" src=\"https:\/\/societe-api.fr\/wp-content\/uploads\/2023\/01\/20221220_122823-scaled-700x300.jpg\" height=\"300\" width=\"700\" alt=\"API - l&#039;atelier de production du panneau isolant\" class=\"slider-317 slide-327\" title=\"20221220_122823\" \/><\/li>\n            <\/ul>\n        <\/div>\n        \n    <\/div>\n<\/div>\n\n\n\n<div class=\"wp-block-columns is-layout-flex wp-container-core-columns-is-layout-9d6595d7 wp-block-columns-is-layout-flex\">\n<div class=\"wp-block-column is-layout-flow wp-block-column-is-layout-flow\" style=\"flex-basis:33.33%\">\n<figure class=\"wp-block-image size-full\"><img loading=\"lazy\" decoding=\"async\" width=\"512\" height=\"512\" src=\"https:\/\/societe-api.fr\/wp-content\/uploads\/2022\/05\/cropped-LOGO-API-HD-03.jpg\" alt=\"\" class=\"wp-image-20\" srcset=\"https:\/\/societe-api.fr\/wp-content\/uploads\/2022\/05\/cropped-LOGO-API-HD-03.jpg 512w, https:\/\/societe-api.fr\/wp-content\/uploads\/2022\/05\/cropped-LOGO-API-HD-03-300x300.jpg 300w, https:\/\/societe-api.fr\/wp-content\/uploads\/2022\/05\/cropped-LOGO-API-HD-03-150x150.jpg 150w, https:\/\/societe-api.fr\/wp-content\/uploads\/2022\/05\/cropped-LOGO-API-HD-03-270x270.jpg 270w, https:\/\/societe-api.fr\/wp-content\/uploads\/2022\/05\/cropped-LOGO-API-HD-03-192x192.jpg 192w, https:\/\/societe-api.fr\/wp-content\/uploads\/2022\/05\/cropped-LOGO-API-HD-03-180x180.jpg 180w, https:\/\/societe-api.fr\/wp-content\/uploads\/2022\/05\/cropped-LOGO-API-HD-03-32x32.jpg 32w\" sizes=\"auto, (max-width: 512px) 100vw, 512px\" \/><\/figure>\n<\/div>\n\n\n\n<div class=\"wp-block-column is-layout-flow wp-block-column-is-layout-flow\" style=\"flex-basis:66.66%\">\n<h2 class=\"wp-block-heading\">L&rsquo;atelier du panneau isolant : notre histoire<\/h2>\n\n\n\n<p><strong>API <\/strong>est n\u00e9 \u00e0 Grosbreuil en 2021. Fond\u00e9e par <a href=\"http:\/\/www.linkedin.com\/in\/\u00e9ric-reig-ba283b121\" target=\"_blank\" rel=\"noreferrer noopener\">Eric REIG<\/a>, l\u2019activit\u00e9 porte sur la fabrication de <a href=\"https:\/\/societe-api.fr\/index.php\/nos-produits\/\" target=\"_blank\" rel=\"noreferrer noopener\">panneaux sandwich<\/a> isolants pour des applications vari\u00e9es telles que toiture de v\u00e9randa, volet, porte d\u2019entr\u00e9e, remplissage de menuiserie, industrie et construction modulaire.<\/p>\n<\/div>\n<\/div>\n\n\n\n<div class=\"wp-block-columns is-layout-flex wp-container-core-columns-is-layout-9d6595d7 wp-block-columns-is-layout-flex\">\n<div class=\"wp-block-column is-layout-flow wp-block-column-is-layout-flow\">\n<h2 class=\"wp-block-heading\">Notre atelier<\/h2>\n\n\n\n<p>Notre atelier de production est bas\u00e9 \u00e0 Grosbreuil, en Vend\u00e9e. Situ\u00e9 902 Route des Lucti\u00e8res et avec plus de 4000 m\u00b2 de surface, il est en mesure de r\u00e9pondre \u00e0 toutes vos demandes de fabrication de panneaux sandwich aluminium.<\/p>\n<\/div>\n\n\n\n<div class=\"wp-block-column is-layout-flow wp-block-column-is-layout-flow\">\n<figure class=\"wp-block-gallery has-nested-images columns-default is-cropped wp-block-gallery-1 is-layout-flex wp-block-gallery-is-layout-flex\">\n<figure class=\"wp-block-image size-large\"><img loading=\"lazy\" decoding=\"async\" width=\"1017\" height=\"910\" data-id=\"279\" src=\"https:\/\/societe-api.fr\/wp-content\/uploads\/2022\/12\/api-ext-carre.jpg\" alt=\"Facade de l'atelier de la soci\u00e9t\u00e9 API \u00e0 Grosbreuil, en Vend\u00e9e\" class=\"wp-image-279\" srcset=\"https:\/\/societe-api.fr\/wp-content\/uploads\/2022\/12\/api-ext-carre.jpg 1017w, https:\/\/societe-api.fr\/wp-content\/uploads\/2022\/12\/api-ext-carre-300x268.jpg 300w, https:\/\/societe-api.fr\/wp-content\/uploads\/2022\/12\/api-ext-carre-768x687.jpg 768w, https:\/\/societe-api.fr\/wp-content\/uploads\/2022\/12\/api-ext-carre-870x778.jpg 870w\" sizes=\"auto, (max-width: 1017px) 100vw, 1017px\" \/><\/figure>\n<\/figure>\n<\/div>\n<\/div>\n\n\n\n<div class=\"wp-block-columns is-layout-flex wp-container-core-columns-is-layout-9d6595d7 wp-block-columns-is-layout-flex\">\n<div class=\"wp-block-column is-layout-flow wp-block-column-is-layout-flow\"><div class=\"wp-block-image\">\n<figure class=\"aligncenter size-large is-resized\"><img loading=\"lazy\" decoding=\"async\" src=\"https:\/\/societe-api.fr\/wp-content\/uploads\/2023\/01\/Visuel-NOS_PRODUITS-API-copie-1015x1024.jpg\" alt=\"Des produits API pr\u00eats \u00e0 l'exp\u00e9dition\" class=\"wp-image-310\" width=\"365\" height=\"368\" srcset=\"https:\/\/societe-api.fr\/wp-content\/uploads\/2023\/01\/Visuel-NOS_PRODUITS-API-copie-1015x1024.jpg 1015w, https:\/\/societe-api.fr\/wp-content\/uploads\/2023\/01\/Visuel-NOS_PRODUITS-API-copie-297x300.jpg 297w, https:\/\/societe-api.fr\/wp-content\/uploads\/2023\/01\/Visuel-NOS_PRODUITS-API-copie-150x150.jpg 150w, https:\/\/societe-api.fr\/wp-content\/uploads\/2023\/01\/Visuel-NOS_PRODUITS-API-copie-768x775.jpg 768w, https:\/\/societe-api.fr\/wp-content\/uploads\/2023\/01\/Visuel-NOS_PRODUITS-API-copie-1522x1536.jpg 1522w, https:\/\/societe-api.fr\/wp-content\/uploads\/2023\/01\/Visuel-NOS_PRODUITS-API-copie-870x878.jpg 870w, https:\/\/societe-api.fr\/wp-content\/uploads\/2023\/01\/Visuel-NOS_PRODUITS-API-copie-1860x1877.jpg 1860w, https:\/\/societe-api.fr\/wp-content\/uploads\/2023\/01\/Visuel-NOS_PRODUITS-API-copie.jpg 1976w\" sizes=\"auto, (max-width: 365px) 100vw, 365px\" \/><\/figure>\n<\/div><\/div>\n\n\n\n<div class=\"wp-block-column is-layout-flow wp-block-column-is-layout-flow\">\n<h2 class=\"wp-block-heading\">Nos produits : les panneaux sandwich aluminium<\/h2>\n\n\n\n<p>L&rsquo;<strong>Atelier du Panneau Isolant <\/strong>est une soci\u00e9t\u00e9 sp\u00e9cialis\u00e9e dans la production de panneaux sandwich isolants. <a href=\"https:\/\/societe-api.fr\/index.php\/panneau-sandwich-toiture-veranda\/\">Toiture pour v\u00e9randa<\/a>, <a href=\"https:\/\/societe-api.fr\/index.php\/volet-aluminium\/\" target=\"_blank\" rel=\"noreferrer noopener\">volets<\/a>, <a href=\"https:\/\/societe-api.fr\/index.php\/panneau-sandwich-pour-remplissage-de-menuiserie\/\">\u00e9l\u00e9ments de remplissage<\/a>, portes&#8230; D\u00e9couvrez <a href=\"https:\/\/societe-api.fr\/index.php\/nos-produits\/\">les diff\u00e9rents panneaux sandwichs<\/a> que nous proposons. <\/p>\n<\/div>\n<\/div>\n\n\n\n<div class=\"wp-block-columns is-layout-flex wp-container-core-columns-is-layout-9d6595d7 wp-block-columns-is-layout-flex\">\n<div class=\"wp-block-column is-layout-flow wp-block-column-is-layout-flow\">\n<h2 class=\"wp-block-heading\">Produit personnalis\u00e9<\/h2>\n\n\n\n<p>Vous souhaitez faire appel \u00e0 <strong>API<\/strong> pour votre projet ? Notre \u00e9quipe est en mesure de r\u00e9pondre \u00e0 votre <a href=\"https:\/\/societe-api.fr\/index.php\/nous-contacter\/\" target=\"_blank\" rel=\"noreferrer noopener\">demande de produit personnalis\u00e9<\/a>. Contactez-nous et nous \u00e9tablirons ensemble votre produit personnalis\u00e9.<\/p>\n<\/div>\n\n\n\n<div class=\"wp-block-column is-layout-flow wp-block-column-is-layout-flow\">\n<figure class=\"wp-block-gallery has-nested-images columns-default is-cropped wp-block-gallery-2 is-layout-flex wp-block-gallery-is-layout-flex\">\n<figure class=\"wp-block-image size-large\"><img loading=\"lazy\" decoding=\"async\" width=\"995\" height=\"1024\" data-id=\"311\" src=\"https:\/\/societe-api.fr\/wp-content\/uploads\/2023\/01\/Visuel-produit-personnalise-API-copie-995x1024.jpg\" alt=\"API propose des produits personnalis\u00e9s dans la gamme des panneaux isolants\" class=\"wp-image-311\" srcset=\"https:\/\/societe-api.fr\/wp-content\/uploads\/2023\/01\/Visuel-produit-personnalise-API-copie-995x1024.jpg 995w, https:\/\/societe-api.fr\/wp-content\/uploads\/2023\/01\/Visuel-produit-personnalise-API-copie-292x300.jpg 292w, https:\/\/societe-api.fr\/wp-content\/uploads\/2023\/01\/Visuel-produit-personnalise-API-copie-768x790.jpg 768w, https:\/\/societe-api.fr\/wp-content\/uploads\/2023\/01\/Visuel-produit-personnalise-API-copie-1493x1536.jpg 1493w, https:\/\/societe-api.fr\/wp-content\/uploads\/2023\/01\/Visuel-produit-personnalise-API-copie-1991x2048.jpg 1991w, https:\/\/societe-api.fr\/wp-content\/uploads\/2023\/01\/Visuel-produit-personnalise-API-copie-870x895.jpg 870w, https:\/\/societe-api.fr\/wp-content\/uploads\/2023\/01\/Visuel-produit-personnalise-API-copie-1860x1914.jpg 1860w\" sizes=\"auto, (max-width: 995px) 100vw, 995px\" \/><\/figure>\n<\/figure>\n<\/div>\n<\/div>\n","protected":false},"excerpt":{"rendered":"<p>L&rsquo;atelier du panneau isolant : notre histoire API est n\u00e9 \u00e0 Grosbreuil en 2021. Fond\u00e9e par Eric REIG, l\u2019activit\u00e9 porte sur la fabrication de panneaux sandwich isolants pour des applications vari\u00e9es telles que toiture de v\u00e9randa, volet, porte d\u2019entr\u00e9e, remplissage de menuiserie, industrie et construction modulaire. Notre atelier Notre atelier de production est bas\u00e9 \u00e0 [&hellip;]<\/p>\n","protected":false},"author":1,"featured_media":0,"parent":0,"menu_order":0,"comment_status":"closed","ping_status":"closed","template":"","meta":{"footnotes":""},"class_list":["post-13","page","type-page","status-publish","hentry","missing-thumbnail"],"yoast_head":"<!-- This site is optimized with the Yoast SEO plugin v27.3 - https:\/\/yoast.com\/product\/yoast-seo-wordpress\/ -->\n<title>L&#039;Atelier du Panneau Isolant - L&#039;Atelier du Panneau Isolant<\/title>\n<meta name=\"description\" content=\"L&#039;Atelier du Panneau Isolant fabrique des panneaux sandwich isolants. Toiture, volets, \u00e9l\u00e9ments de remplissage, d\u00e9couvrez en plus sur API !\" \/>\n<meta name=\"robots\" content=\"index, follow, max-snippet:-1, max-image-preview:large, max-video-preview:-1\" \/>\n<link rel=\"canonical\" href=\"https:\/\/societe-api.fr\/\" \/>\n<meta property=\"og:locale\" content=\"fr_FR\" \/>\n<meta property=\"og:type\" content=\"article\" \/>\n<meta property=\"og:title\" content=\"L&#039;Atelier du Panneau Isolant - L&#039;Atelier du Panneau Isolant\" \/>\n<meta property=\"og:description\" content=\"L&#039;Atelier du Panneau Isolant fabrique des panneaux sandwich isolants. Toiture, volets, \u00e9l\u00e9ments de remplissage, d\u00e9couvrez en plus sur API !\" \/>\n<meta property=\"og:url\" content=\"https:\/\/societe-api.fr\/\" \/>\n<meta property=\"og:site_name\" content=\"L&#039;Atelier du Panneau Isolant\" \/>\n<meta property=\"article:modified_time\" content=\"2023-07-27T15:47:47+00:00\" \/>\n<meta property=\"og:image\" content=\"https:\/\/societe-api.fr\/wp-content\/uploads\/2022\/05\/cropped-LOGO-API-HD-03.jpg\" \/>\n<meta name=\"twitter:card\" content=\"summary_large_image\" \/>\n<meta name=\"twitter:label1\" content=\"Dur\u00e9e de lecture estim\u00e9e\" \/>\n\t<meta name=\"twitter:data1\" content=\"2 minutes\" \/>\n<script type=\"application\/ld+json\" class=\"yoast-schema-graph\">{\"@context\":\"https:\\\/\\\/schema.org\",\"@graph\":[{\"@type\":\"WebPage\",\"@id\":\"https:\\\/\\\/societe-api.fr\\\/\",\"url\":\"https:\\\/\\\/societe-api.fr\\\/\",\"name\":\"L'Atelier du Panneau Isolant - L&#039;Atelier du Panneau Isolant\",\"isPartOf\":{\"@id\":\"https:\\\/\\\/societe-api.fr\\\/#website\"},\"primaryImageOfPage\":{\"@id\":\"https:\\\/\\\/societe-api.fr\\\/#primaryimage\"},\"image\":{\"@id\":\"https:\\\/\\\/societe-api.fr\\\/#primaryimage\"},\"thumbnailUrl\":\"https:\\\/\\\/societe-api.fr\\\/wp-content\\\/uploads\\\/2022\\\/05\\\/cropped-LOGO-API-HD-03.jpg\",\"datePublished\":\"2022-05-19T17:15:53+00:00\",\"dateModified\":\"2023-07-27T15:47:47+00:00\",\"description\":\"L'Atelier du Panneau Isolant fabrique des panneaux sandwich isolants. Toiture, volets, \u00e9l\u00e9ments de remplissage, d\u00e9couvrez en plus sur API !\",\"breadcrumb\":{\"@id\":\"https:\\\/\\\/societe-api.fr\\\/#breadcrumb\"},\"inLanguage\":\"fr-FR\",\"potentialAction\":[{\"@type\":\"ReadAction\",\"target\":[\"https:\\\/\\\/societe-api.fr\\\/\"]}]},{\"@type\":\"ImageObject\",\"inLanguage\":\"fr-FR\",\"@id\":\"https:\\\/\\\/societe-api.fr\\\/#primaryimage\",\"url\":\"https:\\\/\\\/societe-api.fr\\\/wp-content\\\/uploads\\\/2022\\\/05\\\/cropped-LOGO-API-HD-03.jpg\",\"contentUrl\":\"https:\\\/\\\/societe-api.fr\\\/wp-content\\\/uploads\\\/2022\\\/05\\\/cropped-LOGO-API-HD-03.jpg\",\"width\":512,\"height\":512},{\"@type\":\"BreadcrumbList\",\"@id\":\"https:\\\/\\\/societe-api.fr\\\/#breadcrumb\",\"itemListElement\":[{\"@type\":\"ListItem\",\"position\":1,\"name\":\"Accueil\",\"item\":\"https:\\\/\\\/societe-api.fr\\\/\"},{\"@type\":\"ListItem\",\"position\":2,\"name\":\"L&#8217;Atelier du Panneau Isolant\"}]},{\"@type\":\"WebSite\",\"@id\":\"https:\\\/\\\/societe-api.fr\\\/#website\",\"url\":\"https:\\\/\\\/societe-api.fr\\\/\",\"name\":\"L&#039;Atelier du Panneau Isolant\",\"description\":\"\",\"publisher\":{\"@id\":\"https:\\\/\\\/societe-api.fr\\\/#organization\"},\"potentialAction\":[{\"@type\":\"SearchAction\",\"target\":{\"@type\":\"EntryPoint\",\"urlTemplate\":\"https:\\\/\\\/societe-api.fr\\\/?s={search_term_string}\"},\"query-input\":{\"@type\":\"PropertyValueSpecification\",\"valueRequired\":true,\"valueName\":\"search_term_string\"}}],\"inLanguage\":\"fr-FR\"},{\"@type\":\"Organization\",\"@id\":\"https:\\\/\\\/societe-api.fr\\\/#organization\",\"name\":\"L&#039;Atelier du Panneau Isolant\",\"url\":\"https:\\\/\\\/societe-api.fr\\\/\",\"logo\":{\"@type\":\"ImageObject\",\"inLanguage\":\"fr-FR\",\"@id\":\"https:\\\/\\\/societe-api.fr\\\/#\\\/schema\\\/logo\\\/image\\\/\",\"url\":\"https:\\\/\\\/societe-api.fr\\\/wp-content\\\/uploads\\\/2022\\\/05\\\/cropped-LOGO-API-HD-01-1.jpg\",\"contentUrl\":\"https:\\\/\\\/societe-api.fr\\\/wp-content\\\/uploads\\\/2022\\\/05\\\/cropped-LOGO-API-HD-01-1.jpg\",\"width\":255,\"height\":125,\"caption\":\"L&#039;Atelier du Panneau Isolant\"},\"image\":{\"@id\":\"https:\\\/\\\/societe-api.fr\\\/#\\\/schema\\\/logo\\\/image\\\/\"}}]}<\/script>\n<!-- \/ Yoast SEO plugin. -->","yoast_head_json":{"title":"L'Atelier du Panneau Isolant - L&#039;Atelier du Panneau Isolant","description":"L'Atelier du Panneau Isolant fabrique des panneaux sandwich isolants. Toiture, volets, \u00e9l\u00e9ments de remplissage, d\u00e9couvrez en plus sur API !","robots":{"index":"index","follow":"follow","max-snippet":"max-snippet:-1","max-image-preview":"max-image-preview:large","max-video-preview":"max-video-preview:-1"},"canonical":"https:\/\/societe-api.fr\/","og_locale":"fr_FR","og_type":"article","og_title":"L'Atelier du Panneau Isolant - L&#039;Atelier du Panneau Isolant","og_description":"L'Atelier du Panneau Isolant fabrique des panneaux sandwich isolants. Toiture, volets, \u00e9l\u00e9ments de remplissage, d\u00e9couvrez en plus sur API !","og_url":"https:\/\/societe-api.fr\/","og_site_name":"L&#039;Atelier du Panneau Isolant","article_modified_time":"2023-07-27T15:47:47+00:00","og_image":[{"url":"https:\/\/societe-api.fr\/wp-content\/uploads\/2022\/05\/cropped-LOGO-API-HD-03.jpg","type":"","width":"","height":""}],"twitter_card":"summary_large_image","twitter_misc":{"Dur\u00e9e de lecture estim\u00e9e":"2 minutes"},"schema":{"@context":"https:\/\/schema.org","@graph":[{"@type":"WebPage","@id":"https:\/\/societe-api.fr\/","url":"https:\/\/societe-api.fr\/","name":"L'Atelier du Panneau Isolant - L&#039;Atelier du Panneau Isolant","isPartOf":{"@id":"https:\/\/societe-api.fr\/#website"},"primaryImageOfPage":{"@id":"https:\/\/societe-api.fr\/#primaryimage"},"image":{"@id":"https:\/\/societe-api.fr\/#primaryimage"},"thumbnailUrl":"https:\/\/societe-api.fr\/wp-content\/uploads\/2022\/05\/cropped-LOGO-API-HD-03.jpg","datePublished":"2022-05-19T17:15:53+00:00","dateModified":"2023-07-27T15:47:47+00:00","description":"L'Atelier du Panneau Isolant fabrique des panneaux sandwich isolants. Toiture, volets, \u00e9l\u00e9ments de remplissage, d\u00e9couvrez en plus sur API !","breadcrumb":{"@id":"https:\/\/societe-api.fr\/#breadcrumb"},"inLanguage":"fr-FR","potentialAction":[{"@type":"ReadAction","target":["https:\/\/societe-api.fr\/"]}]},{"@type":"ImageObject","inLanguage":"fr-FR","@id":"https:\/\/societe-api.fr\/#primaryimage","url":"https:\/\/societe-api.fr\/wp-content\/uploads\/2022\/05\/cropped-LOGO-API-HD-03.jpg","contentUrl":"https:\/\/societe-api.fr\/wp-content\/uploads\/2022\/05\/cropped-LOGO-API-HD-03.jpg","width":512,"height":512},{"@type":"BreadcrumbList","@id":"https:\/\/societe-api.fr\/#breadcrumb","itemListElement":[{"@type":"ListItem","position":1,"name":"Accueil","item":"https:\/\/societe-api.fr\/"},{"@type":"ListItem","position":2,"name":"L&#8217;Atelier du Panneau Isolant"}]},{"@type":"WebSite","@id":"https:\/\/societe-api.fr\/#website","url":"https:\/\/societe-api.fr\/","name":"L&#039;Atelier du Panneau Isolant","description":"","publisher":{"@id":"https:\/\/societe-api.fr\/#organization"},"potentialAction":[{"@type":"SearchAction","target":{"@type":"EntryPoint","urlTemplate":"https:\/\/societe-api.fr\/?s={search_term_string}"},"query-input":{"@type":"PropertyValueSpecification","valueRequired":true,"valueName":"search_term_string"}}],"inLanguage":"fr-FR"},{"@type":"Organization","@id":"https:\/\/societe-api.fr\/#organization","name":"L&#039;Atelier du Panneau Isolant","url":"https:\/\/societe-api.fr\/","logo":{"@type":"ImageObject","inLanguage":"fr-FR","@id":"https:\/\/societe-api.fr\/#\/schema\/logo\/image\/","url":"https:\/\/societe-api.fr\/wp-content\/uploads\/2022\/05\/cropped-LOGO-API-HD-01-1.jpg","contentUrl":"https:\/\/societe-api.fr\/wp-content\/uploads\/2022\/05\/cropped-LOGO-API-HD-01-1.jpg","width":255,"height":125,"caption":"L&#039;Atelier du Panneau Isolant"},"image":{"@id":"https:\/\/societe-api.fr\/#\/schema\/logo\/image\/"}}]}},"_links":{"self":[{"href":"https:\/\/societe-api.fr\/index.php\/wp-json\/wp\/v2\/pages\/13","targetHints":{"allow":["GET"]}}],"collection":[{"href":"https:\/\/societe-api.fr\/index.php\/wp-json\/wp\/v2\/pages"}],"about":[{"href":"https:\/\/societe-api.fr\/index.php\/wp-json\/wp\/v2\/types\/page"}],"author":[{"embeddable":true,"href":"https:\/\/societe-api.fr\/index.php\/wp-json\/wp\/v2\/users\/1"}],"replies":[{"embeddable":true,"href":"https:\/\/societe-api.fr\/index.php\/wp-json\/wp\/v2\/comments?post=13"}],"version-history":[{"count":25,"href":"https:\/\/societe-api.fr\/index.php\/wp-json\/wp\/v2\/pages\/13\/revisions"}],"predecessor-version":[{"id":492,"href":"https:\/\/societe-api.fr\/index.php\/wp-json\/wp\/v2\/pages\/13\/revisions\/492"}],"wp:attachment":[{"href":"https:\/\/societe-api.fr\/index.php\/wp-json\/wp\/v2\/media?parent=13"}],"curies":[{"name":"wp","href":"https:\/\/api.w.org\/{rel}","templated":true}]}}