{"id":72,"date":"2022-05-26T16:24:56","date_gmt":"2022-05-26T14:24:56","guid":{"rendered":"http:\/\/societe-api.fr\/?page_id=72"},"modified":"2023-07-18T22:55:42","modified_gmt":"2023-07-18T20:55:42","slug":"nos-produits","status":"publish","type":"page","link":"https:\/\/societe-api.fr\/index.php\/nos-produits\/","title":{"rendered":"Nos produits"},"content":{"rendered":"\n<p><strong>API fabrique des produits de type panneaux sandwich pour v\u00e9randa, menuiserie, fa\u00e7ade et industrie. Volets en aluminium, panneaux isolants pour la v\u00e9randa et le remplissage des menuiseries, d\u00e9couvrez nos produits phares ! <\/strong><\/p>\n\n\n\n<p>Nous sommes \u00e9galement \u00e0 votre disposition en cas de besoin d&rsquo;un devis personnalis\u00e9. Nos experts du b\u00e2timent seront \u00e0 votre \u00e9coute. Bas\u00e9 \u00e0 Grosbreuil, en Vend\u00e9e, notre atelier est \u00e9quip\u00e9 de machines performantes pour <strong>des produits de qualit\u00e9 et innovants<\/strong>. Plus de 4000 m2 de surface sont d\u00e9di\u00e9s aux panneaux isolants : des bobines \u00e0 la livraison de votre produit, il n&rsquo;y a qu&rsquo;un pas ! <\/p>\n\n\n\n<div class=\"wp-block-columns is-layout-flex wp-container-core-columns-is-layout-9d6595d7 wp-block-columns-is-layout-flex\">\n<div class=\"wp-block-column is-layout-flow wp-block-column-is-layout-flow\">\n<figure class=\"wp-block-image size-large\"><a href=\"https:\/\/societe-api.fr\/index.php\/volet-aluminium\/\"><img loading=\"lazy\" decoding=\"async\" width=\"1024\" height=\"944\" src=\"https:\/\/societe-api.fr\/wp-content\/uploads\/2022\/12\/atelier-carre-1024x944.jpg\" alt=\"\" class=\"wp-image-286\" srcset=\"https:\/\/societe-api.fr\/wp-content\/uploads\/2022\/12\/atelier-carre-1024x944.jpg 1024w, https:\/\/societe-api.fr\/wp-content\/uploads\/2022\/12\/atelier-carre-300x277.jpg 300w, https:\/\/societe-api.fr\/wp-content\/uploads\/2022\/12\/atelier-carre-768x708.jpg 768w, https:\/\/societe-api.fr\/wp-content\/uploads\/2022\/12\/atelier-carre-1536x1416.jpg 1536w, https:\/\/societe-api.fr\/wp-content\/uploads\/2022\/12\/atelier-carre-2048x1889.jpg 2048w, https:\/\/societe-api.fr\/wp-content\/uploads\/2022\/12\/atelier-carre-870x802.jpg 870w, https:\/\/societe-api.fr\/wp-content\/uploads\/2022\/12\/atelier-carre-1860x1715.jpg 1860w\" sizes=\"auto, (max-width: 1024px) 100vw, 1024px\" \/><\/a><\/figure>\n<\/div>\n\n\n\n<div class=\"wp-block-column is-layout-flow wp-block-column-is-layout-flow\">\n<h2 class=\"wp-block-heading\">Panneau sandwich en aluminium volet<\/h2>\n\n\n\n<p>La soci\u00e9t\u00e9 <strong>API<\/strong> r\u00e9alise pour vous la production de vos <strong>volets en aluminum<\/strong>. Personnalisable selon vos besoins (coloris, \u00e9paisseurs&#8230;), le <strong>panneau isolant pour volet<\/strong> <strong>en aluminum<\/strong> poss\u00e8de de nombreuses qualit\u00e9s. <a href=\"https:\/\/societe-api.fr\/index.php\/volet-aluminium\/\" target=\"_blank\" rel=\"noreferrer noopener\">D\u00e9couvrez en plus sur ce produit !<\/a> <\/p>\n<\/div>\n<\/div>\n\n\n\n<div class=\"wp-block-columns is-layout-flex wp-container-core-columns-is-layout-9d6595d7 wp-block-columns-is-layout-flex\">\n<div class=\"wp-block-column is-layout-flow wp-block-column-is-layout-flow\">\n<h2 class=\"wp-block-heading\">Panneau sandwich v\u00e9randa<\/h2>\n\n\n\n<p>Notre \u00e9quipe vous conseille et r\u00e9alise la production de <a href=\"https:\/\/societe-api.fr\/index.php\/panneau-sandwich-toiture-veranda\/\" target=\"_blank\" rel=\"noreferrer noopener\"><strong>panneaux sandwich v\u00e9randa<\/strong>.<\/a> De haute qualit\u00e9, fabriqu\u00e9e en Vend\u00e9e et de fa\u00e7on personnalis\u00e9e, rendez votre projet possible gr\u00e2ce \u00e0 <strong>A.P.I<\/strong> !<\/p>\n<\/div>\n\n\n\n<div class=\"wp-block-column is-layout-flow wp-block-column-is-layout-flow\">\n<figure class=\"wp-block-gallery has-nested-images columns-default is-cropped wp-block-gallery-1 is-layout-flex wp-block-gallery-is-layout-flex\">\n<figure class=\"wp-block-image size-full is-style-default\"><a href=\"https:\/\/societe-api.fr\/index.php\/panneau-sandwich-toiture-veranda\/\"><img loading=\"lazy\" decoding=\"async\" width=\"2560\" height=\"2560\" data-id=\"392\" src=\"https:\/\/societe-api.fr\/wp-content\/uploads\/2023\/07\/DSC_1538_image-veranda-1-edited-scaled.jpg\" alt=\"Une v\u00e9randa\" class=\"wp-image-392\" srcset=\"https:\/\/societe-api.fr\/wp-content\/uploads\/2023\/07\/DSC_1538_image-veranda-1-edited-scaled.jpg 2560w, https:\/\/societe-api.fr\/wp-content\/uploads\/2023\/07\/DSC_1538_image-veranda-1-edited-300x300.jpg 300w, https:\/\/societe-api.fr\/wp-content\/uploads\/2023\/07\/DSC_1538_image-veranda-1-edited-1024x1024.jpg 1024w, https:\/\/societe-api.fr\/wp-content\/uploads\/2023\/07\/DSC_1538_image-veranda-1-edited-150x150.jpg 150w, https:\/\/societe-api.fr\/wp-content\/uploads\/2023\/07\/DSC_1538_image-veranda-1-edited-768x768.jpg 768w, https:\/\/societe-api.fr\/wp-content\/uploads\/2023\/07\/DSC_1538_image-veranda-1-edited-1536x1536.jpg 1536w, https:\/\/societe-api.fr\/wp-content\/uploads\/2023\/07\/DSC_1538_image-veranda-1-edited-2048x2048.jpg 2048w, https:\/\/societe-api.fr\/wp-content\/uploads\/2023\/07\/DSC_1538_image-veranda-1-edited-870x870.jpg 870w, https:\/\/societe-api.fr\/wp-content\/uploads\/2023\/07\/DSC_1538_image-veranda-1-edited-1860x1860.jpg 1860w\" sizes=\"auto, (max-width: 2560px) 100vw, 2560px\" \/><\/a><\/figure>\n<\/figure>\n<\/div>\n<\/div>\n\n\n\n<div class=\"wp-block-columns is-layout-flex wp-container-core-columns-is-layout-9d6595d7 wp-block-columns-is-layout-flex\">\n<div class=\"wp-block-column is-layout-flow wp-block-column-is-layout-flow\">\n<figure class=\"wp-block-gallery has-nested-images columns-default is-cropped wp-block-gallery-2 is-layout-flex wp-block-gallery-is-layout-flex\">\n<figure class=\"wp-block-image size-large\"><a href=\"https:\/\/societe-api.fr\/index.php\/panneau-sandwich-pour-remplissage-de-menuiserie\/\"><img loading=\"lazy\" decoding=\"async\" width=\"878\" height=\"877\" data-id=\"393\" src=\"https:\/\/societe-api.fr\/wp-content\/uploads\/2023\/07\/house-2609484_1280-edited.jpg\" alt=\"Remplisage de menuiserie isolant\" class=\"wp-image-393\" srcset=\"https:\/\/societe-api.fr\/wp-content\/uploads\/2023\/07\/house-2609484_1280-edited.jpg 878w, https:\/\/societe-api.fr\/wp-content\/uploads\/2023\/07\/house-2609484_1280-edited-300x300.jpg 300w, https:\/\/societe-api.fr\/wp-content\/uploads\/2023\/07\/house-2609484_1280-edited-150x150.jpg 150w, https:\/\/societe-api.fr\/wp-content\/uploads\/2023\/07\/house-2609484_1280-edited-768x767.jpg 768w, https:\/\/societe-api.fr\/wp-content\/uploads\/2023\/07\/house-2609484_1280-edited-870x869.jpg 870w\" sizes=\"auto, (max-width: 878px) 100vw, 878px\" \/><\/a><figcaption class=\"wp-element-caption\">\u00a9 <a href=\"https:\/\/pixabay.com\/fr\/users\/stocksnap-894430\/?utm_source=link-attribution&amp;utm_medium=referral&amp;utm_campaign=image&amp;utm_content=2609484\">StockSnap<\/a><\/figcaption><\/figure>\n<\/figure>\n<\/div>\n\n\n\n<div class=\"wp-block-column is-layout-flow wp-block-column-is-layout-flow\">\n<h2 class=\"wp-block-heading\">Panneau de remplissage de menuiserie<\/h2>\n\n\n\n<p>Gr\u00e2ce \u00e0 notre atelier performant, nous sommes en mesure de vous proposer des <strong>panneaux<\/strong> <strong>isolants<\/strong> pour le <strong><a href=\"https:\/\/societe-api.fr\/index.php\/panneau-sandwich-pour-remplissage-de-menuiserie\/\">remplissage de menuiseries.<\/a><\/strong> <strong>Aluminium ou PVC<\/strong>, c&rsquo;est vous qui choisissez. D\u00e9couvrez-en davantage sur ces produits de qualit\u00e9. <\/p>\n<\/div>\n<\/div>\n\n\n\n<h4 class=\"wp-block-heading has-text-align-center\">Vous avez besoin d&rsquo;un produit sp\u00e9cifique pour votre projet ? Notre \u00e9quipe API est compos\u00e9e d&rsquo;experts du panneau isolant. Nous sommes en capacit\u00e9 de r\u00e9pondre \u00e0 diff\u00e9rents besoins gr\u00e2ce \u00e0 nos produits performants. <a href=\"https:\/\/societe-api.fr\/index.php\/nous-contacter\/\" target=\"_blank\" rel=\"noreferrer noopener\">Prenez contact avec notre \u00e9quipe<\/a> et nous \u00e9tudierons ensemble votre demande.<\/h4>\n\n\n\n<div class=\"wp-block-buttons alignfull is-content-justification-center is-layout-flex wp-container-core-buttons-is-layout-16018d1d wp-block-buttons-is-layout-flex\">\n<div class=\"wp-block-button aligncenter is-style-fill\"><a class=\"wp-block-button__link has-text-align-center wp-element-button\" href=\"https:\/\/societe-api.fr\/index.php\/nous-contacter\/\" target=\"_blank\" rel=\"noreferrer noopener\"><strong>J&rsquo;ai besoin d&rsquo;un devis personnalis\u00e9<\/strong><\/a><\/div>\n<\/div>\n\n\n","protected":false},"excerpt":{"rendered":"<p>API fabrique des produits de type panneaux sandwich pour v\u00e9randa, menuiserie, fa\u00e7ade et industrie. Volets en aluminium, panneaux isolants pour la v\u00e9randa et le remplissage des menuiseries, d\u00e9couvrez nos produits phares ! Nous sommes \u00e9galement \u00e0 votre disposition en cas de besoin d&rsquo;un devis personnalis\u00e9. Nos experts du b\u00e2timent seront \u00e0 votre \u00e9coute. Bas\u00e9 \u00e0 [&hellip;]<\/p>\n","protected":false},"author":1,"featured_media":0,"parent":0,"menu_order":0,"comment_status":"closed","ping_status":"closed","template":"","meta":{"footnotes":""},"class_list":["post-72","page","type-page","status-publish","hentry","missing-thumbnail"],"yoast_head":"<!-- This site is optimized with the Yoast SEO plugin v27.4 - https:\/\/yoast.com\/product\/yoast-seo-wordpress\/ -->\n<title>Nos produits - L&#039;Atelier du Panneau Isolant<\/title>\n<meta name=\"description\" content=\"D\u00e9couvrez nos produits de haute qualit\u00e9 fabriqu\u00e9s \u00e0 Grosbreuil, en Vend\u00e9e : volets en aluminium, toiture, produits de remplissage...\" \/>\n<meta name=\"robots\" content=\"index, follow, max-snippet:-1, max-image-preview:large, max-video-preview:-1\" \/>\n<link rel=\"canonical\" href=\"https:\/\/societe-api.fr\/index.php\/nos-produits\/\" \/>\n<meta property=\"og:locale\" content=\"fr_FR\" \/>\n<meta property=\"og:type\" content=\"article\" \/>\n<meta property=\"og:title\" content=\"Nos produits - L&#039;Atelier du Panneau Isolant\" \/>\n<meta property=\"og:description\" content=\"D\u00e9couvrez nos produits de haute qualit\u00e9 fabriqu\u00e9s \u00e0 Grosbreuil, en Vend\u00e9e : volets en aluminium, toiture, produits de remplissage...\" \/>\n<meta property=\"og:url\" content=\"https:\/\/societe-api.fr\/index.php\/nos-produits\/\" \/>\n<meta property=\"og:site_name\" content=\"L&#039;Atelier du Panneau Isolant\" \/>\n<meta property=\"article:modified_time\" content=\"2023-07-18T20:55:42+00:00\" \/>\n<meta property=\"og:image\" content=\"https:\/\/societe-api.fr\/wp-content\/uploads\/2022\/12\/atelier-carre-1024x944.jpg\" \/>\n<meta name=\"twitter:card\" content=\"summary_large_image\" \/>\n<meta name=\"twitter:label1\" content=\"Dur\u00e9e de lecture estim\u00e9e\" \/>\n\t<meta name=\"twitter:data1\" content=\"2 minutes\" \/>\n<script type=\"application\/ld+json\" class=\"yoast-schema-graph\">{\"@context\":\"https:\\\/\\\/schema.org\",\"@graph\":[{\"@type\":\"WebPage\",\"@id\":\"https:\\\/\\\/societe-api.fr\\\/index.php\\\/nos-produits\\\/\",\"url\":\"https:\\\/\\\/societe-api.fr\\\/index.php\\\/nos-produits\\\/\",\"name\":\"Nos produits - L&#039;Atelier du Panneau Isolant\",\"isPartOf\":{\"@id\":\"https:\\\/\\\/societe-api.fr\\\/#website\"},\"primaryImageOfPage\":{\"@id\":\"https:\\\/\\\/societe-api.fr\\\/index.php\\\/nos-produits\\\/#primaryimage\"},\"image\":{\"@id\":\"https:\\\/\\\/societe-api.fr\\\/index.php\\\/nos-produits\\\/#primaryimage\"},\"thumbnailUrl\":\"https:\\\/\\\/societe-api.fr\\\/wp-content\\\/uploads\\\/2022\\\/12\\\/atelier-carre-1024x944.jpg\",\"datePublished\":\"2022-05-26T14:24:56+00:00\",\"dateModified\":\"2023-07-18T20:55:42+00:00\",\"description\":\"D\u00e9couvrez nos produits de haute qualit\u00e9 fabriqu\u00e9s \u00e0 Grosbreuil, en Vend\u00e9e : volets en aluminium, toiture, produits de remplissage...\",\"breadcrumb\":{\"@id\":\"https:\\\/\\\/societe-api.fr\\\/index.php\\\/nos-produits\\\/#breadcrumb\"},\"inLanguage\":\"fr-FR\",\"potentialAction\":[{\"@type\":\"ReadAction\",\"target\":[\"https:\\\/\\\/societe-api.fr\\\/index.php\\\/nos-produits\\\/\"]}]},{\"@type\":\"ImageObject\",\"inLanguage\":\"fr-FR\",\"@id\":\"https:\\\/\\\/societe-api.fr\\\/index.php\\\/nos-produits\\\/#primaryimage\",\"url\":\"https:\\\/\\\/societe-api.fr\\\/wp-content\\\/uploads\\\/2022\\\/12\\\/atelier-carre.jpg\",\"contentUrl\":\"https:\\\/\\\/societe-api.fr\\\/wp-content\\\/uploads\\\/2022\\\/12\\\/atelier-carre.jpg\",\"width\":2260,\"height\":2084},{\"@type\":\"BreadcrumbList\",\"@id\":\"https:\\\/\\\/societe-api.fr\\\/index.php\\\/nos-produits\\\/#breadcrumb\",\"itemListElement\":[{\"@type\":\"ListItem\",\"position\":1,\"name\":\"Accueil\",\"item\":\"https:\\\/\\\/societe-api.fr\\\/\"},{\"@type\":\"ListItem\",\"position\":2,\"name\":\"Nos produits\"}]},{\"@type\":\"WebSite\",\"@id\":\"https:\\\/\\\/societe-api.fr\\\/#website\",\"url\":\"https:\\\/\\\/societe-api.fr\\\/\",\"name\":\"L&#039;Atelier du Panneau Isolant\",\"description\":\"\",\"publisher\":{\"@id\":\"https:\\\/\\\/societe-api.fr\\\/#organization\"},\"potentialAction\":[{\"@type\":\"SearchAction\",\"target\":{\"@type\":\"EntryPoint\",\"urlTemplate\":\"https:\\\/\\\/societe-api.fr\\\/?s={search_term_string}\"},\"query-input\":{\"@type\":\"PropertyValueSpecification\",\"valueRequired\":true,\"valueName\":\"search_term_string\"}}],\"inLanguage\":\"fr-FR\"},{\"@type\":\"Organization\",\"@id\":\"https:\\\/\\\/societe-api.fr\\\/#organization\",\"name\":\"L&#039;Atelier du Panneau Isolant\",\"url\":\"https:\\\/\\\/societe-api.fr\\\/\",\"logo\":{\"@type\":\"ImageObject\",\"inLanguage\":\"fr-FR\",\"@id\":\"https:\\\/\\\/societe-api.fr\\\/#\\\/schema\\\/logo\\\/image\\\/\",\"url\":\"https:\\\/\\\/societe-api.fr\\\/wp-content\\\/uploads\\\/2022\\\/05\\\/cropped-LOGO-API-HD-01-1.jpg\",\"contentUrl\":\"https:\\\/\\\/societe-api.fr\\\/wp-content\\\/uploads\\\/2022\\\/05\\\/cropped-LOGO-API-HD-01-1.jpg\",\"width\":255,\"height\":125,\"caption\":\"L&#039;Atelier du Panneau Isolant\"},\"image\":{\"@id\":\"https:\\\/\\\/societe-api.fr\\\/#\\\/schema\\\/logo\\\/image\\\/\"}}]}<\/script>\n<!-- \/ Yoast SEO plugin. -->","yoast_head_json":{"title":"Nos produits - L&#039;Atelier du Panneau Isolant","description":"D\u00e9couvrez nos produits de haute qualit\u00e9 fabriqu\u00e9s \u00e0 Grosbreuil, en Vend\u00e9e : volets en aluminium, toiture, produits de remplissage...","robots":{"index":"index","follow":"follow","max-snippet":"max-snippet:-1","max-image-preview":"max-image-preview:large","max-video-preview":"max-video-preview:-1"},"canonical":"https:\/\/societe-api.fr\/index.php\/nos-produits\/","og_locale":"fr_FR","og_type":"article","og_title":"Nos produits - L&#039;Atelier du Panneau Isolant","og_description":"D\u00e9couvrez nos produits de haute qualit\u00e9 fabriqu\u00e9s \u00e0 Grosbreuil, en Vend\u00e9e : volets en aluminium, toiture, produits de remplissage...","og_url":"https:\/\/societe-api.fr\/index.php\/nos-produits\/","og_site_name":"L&#039;Atelier du Panneau Isolant","article_modified_time":"2023-07-18T20:55:42+00:00","og_image":[{"url":"https:\/\/societe-api.fr\/wp-content\/uploads\/2022\/12\/atelier-carre-1024x944.jpg","type":"","width":"","height":""}],"twitter_card":"summary_large_image","twitter_misc":{"Dur\u00e9e de lecture estim\u00e9e":"2 minutes"},"schema":{"@context":"https:\/\/schema.org","@graph":[{"@type":"WebPage","@id":"https:\/\/societe-api.fr\/index.php\/nos-produits\/","url":"https:\/\/societe-api.fr\/index.php\/nos-produits\/","name":"Nos produits - L&#039;Atelier du Panneau Isolant","isPartOf":{"@id":"https:\/\/societe-api.fr\/#website"},"primaryImageOfPage":{"@id":"https:\/\/societe-api.fr\/index.php\/nos-produits\/#primaryimage"},"image":{"@id":"https:\/\/societe-api.fr\/index.php\/nos-produits\/#primaryimage"},"thumbnailUrl":"https:\/\/societe-api.fr\/wp-content\/uploads\/2022\/12\/atelier-carre-1024x944.jpg","datePublished":"2022-05-26T14:24:56+00:00","dateModified":"2023-07-18T20:55:42+00:00","description":"D\u00e9couvrez nos produits de haute qualit\u00e9 fabriqu\u00e9s \u00e0 Grosbreuil, en Vend\u00e9e : volets en aluminium, toiture, produits de remplissage...","breadcrumb":{"@id":"https:\/\/societe-api.fr\/index.php\/nos-produits\/#breadcrumb"},"inLanguage":"fr-FR","potentialAction":[{"@type":"ReadAction","target":["https:\/\/societe-api.fr\/index.php\/nos-produits\/"]}]},{"@type":"ImageObject","inLanguage":"fr-FR","@id":"https:\/\/societe-api.fr\/index.php\/nos-produits\/#primaryimage","url":"https:\/\/societe-api.fr\/wp-content\/uploads\/2022\/12\/atelier-carre.jpg","contentUrl":"https:\/\/societe-api.fr\/wp-content\/uploads\/2022\/12\/atelier-carre.jpg","width":2260,"height":2084},{"@type":"BreadcrumbList","@id":"https:\/\/societe-api.fr\/index.php\/nos-produits\/#breadcrumb","itemListElement":[{"@type":"ListItem","position":1,"name":"Accueil","item":"https:\/\/societe-api.fr\/"},{"@type":"ListItem","position":2,"name":"Nos produits"}]},{"@type":"WebSite","@id":"https:\/\/societe-api.fr\/#website","url":"https:\/\/societe-api.fr\/","name":"L&#039;Atelier du Panneau Isolant","description":"","publisher":{"@id":"https:\/\/societe-api.fr\/#organization"},"potentialAction":[{"@type":"SearchAction","target":{"@type":"EntryPoint","urlTemplate":"https:\/\/societe-api.fr\/?s={search_term_string}"},"query-input":{"@type":"PropertyValueSpecification","valueRequired":true,"valueName":"search_term_string"}}],"inLanguage":"fr-FR"},{"@type":"Organization","@id":"https:\/\/societe-api.fr\/#organization","name":"L&#039;Atelier du Panneau Isolant","url":"https:\/\/societe-api.fr\/","logo":{"@type":"ImageObject","inLanguage":"fr-FR","@id":"https:\/\/societe-api.fr\/#\/schema\/logo\/image\/","url":"https:\/\/societe-api.fr\/wp-content\/uploads\/2022\/05\/cropped-LOGO-API-HD-01-1.jpg","contentUrl":"https:\/\/societe-api.fr\/wp-content\/uploads\/2022\/05\/cropped-LOGO-API-HD-01-1.jpg","width":255,"height":125,"caption":"L&#039;Atelier du Panneau Isolant"},"image":{"@id":"https:\/\/societe-api.fr\/#\/schema\/logo\/image\/"}}]}},"_links":{"self":[{"href":"https:\/\/societe-api.fr\/index.php\/wp-json\/wp\/v2\/pages\/72","targetHints":{"allow":["GET"]}}],"collection":[{"href":"https:\/\/societe-api.fr\/index.php\/wp-json\/wp\/v2\/pages"}],"about":[{"href":"https:\/\/societe-api.fr\/index.php\/wp-json\/wp\/v2\/types\/page"}],"author":[{"embeddable":true,"href":"https:\/\/societe-api.fr\/index.php\/wp-json\/wp\/v2\/users\/1"}],"replies":[{"embeddable":true,"href":"https:\/\/societe-api.fr\/index.php\/wp-json\/wp\/v2\/comments?post=72"}],"version-history":[{"count":15,"href":"https:\/\/societe-api.fr\/index.php\/wp-json\/wp\/v2\/pages\/72\/revisions"}],"predecessor-version":[{"id":473,"href":"https:\/\/societe-api.fr\/index.php\/wp-json\/wp\/v2\/pages\/72\/revisions\/473"}],"wp:attachment":[{"href":"https:\/\/societe-api.fr\/index.php\/wp-json\/wp\/v2\/media?parent=72"}],"curies":[{"name":"wp","href":"https:\/\/api.w.org\/{rel}","templated":true}]}}