{"id":75,"date":"2022-05-26T16:24:14","date_gmt":"2022-05-26T14:24:14","guid":{"rendered":"http:\/\/societe-api.fr\/?page_id=75"},"modified":"2023-01-04T18:55:30","modified_gmt":"2023-01-04T17:55:30","slug":"nous-contacter","status":"publish","type":"page","link":"https:\/\/societe-api.fr\/index.php\/nous-contacter\/","title":{"rendered":"Nous contacter"},"content":{"rendered":"\n<p class=\"has-white-background-color has-background\">Vous avez besoin de nous contacter pour nous confier une production ? Besoin d&rsquo;un devis personnalis\u00e9 pour votre projet  <strong>panneaux sandwich<\/strong> ? Vous d\u00e9sirez visiter notre <a href=\"https:\/\/societe-api.fr\/index.php\/notre-equipe\/\" target=\"_blank\" rel=\"noreferrer noopener\">atelier de production<\/a> ?  N&rsquo;h\u00e9sitez pas \u00e0 nous solliciter en remplissant le formulaire de contact ci-dessous. Nous nous ferons un plaisir de r\u00e9pondre \u00e0 vos demandes. <strong>L&rsquo;\u00e9quipe d&rsquo;A.P.I<\/strong><\/p>\n\n\n<div class=\"wp-block-image\">\n<figure class=\"aligncenter size-large\"><img loading=\"lazy\" decoding=\"async\" width=\"1024\" height=\"396\" src=\"https:\/\/societe-api.fr\/wp-content\/uploads\/2023\/01\/photo-contact-API-site-1024x396.jpg\" alt=\"API - Nous contacter\" class=\"wp-image-301\" srcset=\"https:\/\/societe-api.fr\/wp-content\/uploads\/2023\/01\/photo-contact-API-site-1024x396.jpg 1024w, https:\/\/societe-api.fr\/wp-content\/uploads\/2023\/01\/photo-contact-API-site-300x116.jpg 300w, https:\/\/societe-api.fr\/wp-content\/uploads\/2023\/01\/photo-contact-API-site-768x297.jpg 768w, https:\/\/societe-api.fr\/wp-content\/uploads\/2023\/01\/photo-contact-API-site-1536x595.jpg 1536w, https:\/\/societe-api.fr\/wp-content\/uploads\/2023\/01\/photo-contact-API-site-2048x793.jpg 2048w, https:\/\/societe-api.fr\/wp-content\/uploads\/2023\/01\/photo-contact-API-site-870x337.jpg 870w, https:\/\/societe-api.fr\/wp-content\/uploads\/2023\/01\/photo-contact-API-site-1860x720.jpg 1860w\" sizes=\"auto, (max-width: 1024px) 100vw, 1024px\" \/><\/figure>\n<\/div>\n\n\n<div class=\"wp-block-contact-form-7-contact-form-selector\">\n<div class=\"wpcf7 no-js\" id=\"wpcf7-f5-o1\" lang=\"fr-FR\" dir=\"ltr\" data-wpcf7-id=\"5\">\n<div class=\"screen-reader-response\"><p role=\"status\" aria-live=\"polite\" aria-atomic=\"true\"><\/p> <ul><\/ul><\/div>\n<form action=\"\/index.php\/wp-json\/wp\/v2\/pages\/75#wpcf7-f5-o1\" method=\"post\" class=\"wpcf7-form init\" aria-label=\"Formulaire de contact\" enctype=\"multipart\/form-data\" novalidate=\"novalidate\" data-status=\"init\">\n<fieldset class=\"hidden-fields-container\"><input type=\"hidden\" name=\"_wpcf7\" value=\"5\" \/><input type=\"hidden\" name=\"_wpcf7_version\" value=\"6.1.5\" \/><input type=\"hidden\" name=\"_wpcf7_locale\" value=\"fr_FR\" \/><input type=\"hidden\" name=\"_wpcf7_unit_tag\" value=\"wpcf7-f5-o1\" \/><input type=\"hidden\" name=\"_wpcf7_container_post\" value=\"0\" \/><input type=\"hidden\" name=\"_wpcf7_posted_data_hash\" value=\"\" \/>\n<\/fieldset>\n<p><label> Votre nom et pr\u00e9nom<br \/>\n<span class=\"wpcf7-form-control-wrap\" data-name=\"your-name\"><input size=\"40\" maxlength=\"400\" class=\"wpcf7-form-control wpcf7-text wpcf7-validates-as-required\" aria-required=\"true\" aria-invalid=\"false\" value=\"\" type=\"text\" name=\"your-name\" \/><\/span> <\/label>\n<\/p>\n<p><label> Votre soci\u00e9t\u00e9<br \/>\n<span class=\"wpcf7-form-control-wrap\" data-name=\"your-society\"><input size=\"40\" maxlength=\"400\" class=\"wpcf7-form-control wpcf7-text wpcf7-validates-as-required\" aria-required=\"true\" aria-invalid=\"false\" value=\"\" type=\"text\" name=\"your-society\" \/><\/span> <\/label>\n<\/p>\n<p><label> Votre e-mail<br \/>\n<span class=\"wpcf7-form-control-wrap\" data-name=\"your-email\"><input size=\"40\" maxlength=\"400\" class=\"wpcf7-form-control wpcf7-email wpcf7-validates-as-required wpcf7-text wpcf7-validates-as-email\" aria-required=\"true\" aria-invalid=\"false\" value=\"\" type=\"email\" name=\"your-email\" \/><\/span> <\/label>\n<\/p>\n<p><label> Votre num\u00e9ro de t\u00e9l\u00e9phone<br \/>\n<span class=\"wpcf7-form-control-wrap\" data-name=\"Votrenumerodetelephone\"><input size=\"40\" maxlength=\"400\" class=\"wpcf7-form-control wpcf7-tel wpcf7-validates-as-required wpcf7-text wpcf7-validates-as-tel\" aria-required=\"true\" aria-invalid=\"false\" value=\"\" type=\"tel\" name=\"Votrenumerodetelephone\" \/><\/span> <\/label>\n<\/p>\n<p><span class=\"wpcf7-form-control-wrap\" data-name=\"menu-231\"><select class=\"wpcf7-form-control wpcf7-select\" aria-invalid=\"false\" name=\"menu-231\"><option value=\"Demander un devis\">Demander un devis<\/option><option value=\"Candidater pour un emploi\">Candidater pour un emploi<\/option><option value=\"Obtenir un RDV\">Obtenir un RDV<\/option><option value=\"Presse\">Presse<\/option><option value=\"Autre demande\">Autre demande<\/option><\/select><\/span>\n<\/p>\n<p><label> Votre message (facultatif)<br \/>\n<span class=\"wpcf7-form-control-wrap\" data-name=\"your-message\"><textarea cols=\"40\" rows=\"10\" maxlength=\"2000\" class=\"wpcf7-form-control wpcf7-textarea\" aria-invalid=\"false\" name=\"your-message\"><\/textarea><\/span> <\/label>\n<\/p>\n<p><span class=\"wpcf7-form-control-wrap\" data-name=\"file-135\"><input size=\"40\" class=\"wpcf7-form-control wpcf7-file\" accept=\"audio\/*,video\/*,image\/*\" aria-invalid=\"false\" type=\"file\" name=\"file-135\" \/><\/span>\n<\/p>\n<p><span class=\"wpcf7-form-control-wrap kc_captcha\" data-name=\"kc_captcha\"><span class=\"wpcf7-form-control wpcf7-radio\"> \n    <span class=\"captcha-image\" >\n        <span class=\"cf7ic_instructions\">Veuillez prouver que vous \u00eates humain en s\u00e9lectionnant <span> \u00c9toile<\/span>.<\/span><label><input type=\"radio\" name=\"kc_captcha\" value=\"bot\" \/><svg width=\"50\" height=\"50\" aria-hidden=\"true\" role=\"img\" xmlns=\"http:\/\/www.w3.org\/2000\/svg\" viewBox=\"0 0 576 512\"><path fill=\"currentColor\" d=\"M488 313v143c0 13-11 24-24 24H348c-7 0-12-5-12-12V356c0-7-5-12-12-12h-72c-7 0-12 5-12 12v112c0 7-5 12-12 12H112c-13 0-24-11-24-24V313c0-4 2-7 4-10l188-154c5-4 11-4 16 0l188 154c2 3 4 6 4 10zm84-61l-84-69V44c0-6-5-12-12-12h-56c-7 0-12 6-12 12v73l-89-74a48 48 0 00-61 0L4 252c-5 4-5 12-1 17l25 31c5 5 12 5 17 1l235-193c5-4 11-4 16 0l235 193c5 5 13 4 17-1l25-31c4-6 4-13-1-17z\"\/><\/svg><\/label><label><input type=\"radio\" name=\"kc_captcha\" value=\"kc_human\" \/><svg width=\"50\" height=\"50\" aria-hidden=\"true\" role=\"img\" xmlns=\"http:\/\/www.w3.org\/2000\/svg\" viewBox=\"0 0 576 512\"><path fill=\"currentColor\" d=\"M259 18l-65 132-146 22c-26 3-37 36-18 54l106 103-25 146c-5 26 23 46 46 33l131-68 131 68c23 13 51-7 46-33l-25-146 106-103c19-18 8-51-18-54l-146-22-65-132a32 32 0 00-58 0z\"\/><\/svg><\/label><label><input type=\"radio\" name=\"kc_captcha\" value=\"bot\" \/><svg width=\"50\" height=\"50\" aria-hidden=\"true\" role=\"img\" xmlns=\"http:\/\/www.w3.org\/2000\/svg\" viewBox=\"0 0 384 512\"><path fill=\"currentColor\" d=\"M377 375l-83-87h34c21 0 32-25 17-40l-82-88h33c21 0 32-25 18-40L210 8c-10-11-26-11-36 0L70 120c-14 15-3 40 18 40h33l-82 88c-15 15-4 40 17 40h34L7 375c-15 16-4 41 17 41h120c0 33-11 49-34 68-12 9-5 28 10 28h144c15 0 22-19 10-28-20-16-34-32-34-68h120c21 0 32-25 17-41z\"\/><\/svg><\/label>\n    <\/span>\n    <span style=\"display:none\">\n        <input type=\"text\" name=\"kc_honeypot\">\n    <\/span><\/span><\/span>\n<\/p>\n<p><span class=\"wpcf7-form-control-wrap\" data-name=\"acceptance-341\"><span class=\"wpcf7-form-control wpcf7-acceptance optional\"><span class=\"wpcf7-list-item\"><label><input type=\"checkbox\" name=\"acceptance-341\" value=\"1\" aria-invalid=\"false\" \/><span class=\"wpcf7-list-item-label\">J\u2019autorise ce site \u00e0 conserver mes donn\u00e9es transmises via ce formulaire. Consultez notre politique RGPD pour plus d'informations.<\/span><\/label><\/span><\/span><\/span>\n<\/p>\n<p><input class=\"wpcf7-form-control wpcf7-submit has-spinner\" type=\"submit\" value=\"Envoyer\" \/>\n<\/p><p style=\"display: none !important;\" class=\"akismet-fields-container\" data-prefix=\"_wpcf7_ak_\"><label>&#916;<textarea name=\"_wpcf7_ak_hp_textarea\" cols=\"45\" rows=\"8\" maxlength=\"100\"><\/textarea><\/label><input type=\"hidden\" id=\"ak_js_1\" name=\"_wpcf7_ak_js\" value=\"153\"\/><script type=\"text\/javascript\">\n\/* <![CDATA[ *\/\ndocument.getElementById( \"ak_js_1\" ).setAttribute( \"value\", ( new Date() ).getTime() );\n\/* ]]> *\/\n<\/script>\n<\/p><div class=\"wpcf7-response-output\" aria-hidden=\"true\"><\/div>\n<\/form>\n<\/div>\n<\/div>\n\n\n\n<ul class=\"wp-block-social-links aligncenter is-layout-flex wp-block-social-links-is-layout-flex\"><li class=\"wp-social-link wp-social-link-linkedin  wp-block-social-link\"><a href=\"https:\/\/www.linkedin.com\/company\/soci%C3%A9t%C3%A9-a-p-i\" class=\"wp-block-social-link-anchor\"><svg width=\"24\" height=\"24\" viewBox=\"0 0 24 24\" version=\"1.1\" xmlns=\"http:\/\/www.w3.org\/2000\/svg\" aria-hidden=\"true\" focusable=\"false\"><path d=\"M19.7,3H4.3C3.582,3,3,3.582,3,4.3v15.4C3,20.418,3.582,21,4.3,21h15.4c0.718,0,1.3-0.582,1.3-1.3V4.3 C21,3.582,20.418,3,19.7,3z M8.339,18.338H5.667v-8.59h2.672V18.338z M7.004,8.574c-0.857,0-1.549-0.694-1.549-1.548 c0-0.855,0.691-1.548,1.549-1.548c0.854,0,1.547,0.694,1.547,1.548C8.551,7.881,7.858,8.574,7.004,8.574z M18.339,18.338h-2.669 v-4.177c0-0.996-0.017-2.278-1.387-2.278c-1.389,0-1.601,1.086-1.601,2.206v4.249h-2.667v-8.59h2.559v1.174h0.037 c0.356-0.675,1.227-1.387,2.526-1.387c2.703,0,3.203,1.779,3.203,4.092V18.338z\"><\/path><\/svg><span class=\"wp-block-social-link-label screen-reader-text\">LinkedIn API<\/span><\/a><\/li><\/ul>\n\n\n\n<p><\/p>\n","protected":false},"excerpt":{"rendered":"<p>Vous avez besoin de nous contacter pour nous confier une production ? Besoin d&rsquo;un devis personnalis\u00e9 pour votre projet panneaux sandwich ? Vous d\u00e9sirez visiter notre atelier de production ? N&rsquo;h\u00e9sitez pas \u00e0 nous solliciter en remplissant le formulaire de contact ci-dessous. Nous nous ferons un plaisir de r\u00e9pondre \u00e0 vos demandes. L&rsquo;\u00e9quipe d&rsquo;A.P.I<\/p>\n","protected":false},"author":1,"featured_media":0,"parent":0,"menu_order":0,"comment_status":"closed","ping_status":"closed","template":"","meta":{"footnotes":""},"class_list":["post-75","page","type-page","status-publish","hentry","missing-thumbnail"],"yoast_head":"<!-- This site is optimized with the Yoast SEO plugin v27.4 - https:\/\/yoast.com\/product\/yoast-seo-wordpress\/ -->\n<title>Nous contacter - L&#039;Atelier du Panneau Isolant<\/title>\n<meta name=\"description\" content=\"Vous d\u00e9sirez nous contacter pour un devis personnalis\u00e9 ? Vous souhaitez candidater chez API ? Remplissez ce formulaire de contact !\" \/>\n<meta name=\"robots\" content=\"index, follow, max-snippet:-1, max-image-preview:large, max-video-preview:-1\" \/>\n<link rel=\"canonical\" href=\"https:\/\/societe-api.fr\/index.php\/nous-contacter\/\" \/>\n<meta property=\"og:locale\" content=\"fr_FR\" \/>\n<meta property=\"og:type\" content=\"article\" \/>\n<meta property=\"og:title\" content=\"Nous contacter - L&#039;Atelier du Panneau Isolant\" \/>\n<meta property=\"og:description\" content=\"Vous d\u00e9sirez nous contacter pour un devis personnalis\u00e9 ? Vous souhaitez candidater chez API ? Remplissez ce formulaire de contact !\" \/>\n<meta property=\"og:url\" content=\"https:\/\/societe-api.fr\/index.php\/nous-contacter\/\" \/>\n<meta property=\"og:site_name\" content=\"L&#039;Atelier du Panneau Isolant\" \/>\n<meta property=\"article:modified_time\" content=\"2023-01-04T17:55:30+00:00\" \/>\n<meta property=\"og:image\" content=\"https:\/\/societe-api.fr\/wp-content\/uploads\/2023\/01\/photo-contact-API-site-1024x396.jpg\" \/>\n<meta name=\"twitter:card\" content=\"summary_large_image\" \/>\n<meta name=\"twitter:label1\" content=\"Dur\u00e9e de lecture estim\u00e9e\" \/>\n\t<meta name=\"twitter:data1\" content=\"1 minute\" \/>\n<script type=\"application\/ld+json\" class=\"yoast-schema-graph\">{\"@context\":\"https:\\\/\\\/schema.org\",\"@graph\":[{\"@type\":\"WebPage\",\"@id\":\"https:\\\/\\\/societe-api.fr\\\/index.php\\\/nous-contacter\\\/\",\"url\":\"https:\\\/\\\/societe-api.fr\\\/index.php\\\/nous-contacter\\\/\",\"name\":\"Nous contacter - L&#039;Atelier du Panneau Isolant\",\"isPartOf\":{\"@id\":\"https:\\\/\\\/societe-api.fr\\\/#website\"},\"primaryImageOfPage\":{\"@id\":\"https:\\\/\\\/societe-api.fr\\\/index.php\\\/nous-contacter\\\/#primaryimage\"},\"image\":{\"@id\":\"https:\\\/\\\/societe-api.fr\\\/index.php\\\/nous-contacter\\\/#primaryimage\"},\"thumbnailUrl\":\"https:\\\/\\\/societe-api.fr\\\/wp-content\\\/uploads\\\/2023\\\/01\\\/photo-contact-API-site-1024x396.jpg\",\"datePublished\":\"2022-05-26T14:24:14+00:00\",\"dateModified\":\"2023-01-04T17:55:30+00:00\",\"description\":\"Vous d\u00e9sirez nous contacter pour un devis personnalis\u00e9 ? Vous souhaitez candidater chez API ? Remplissez ce formulaire de contact !\",\"breadcrumb\":{\"@id\":\"https:\\\/\\\/societe-api.fr\\\/index.php\\\/nous-contacter\\\/#breadcrumb\"},\"inLanguage\":\"fr-FR\",\"potentialAction\":[{\"@type\":\"ReadAction\",\"target\":[\"https:\\\/\\\/societe-api.fr\\\/index.php\\\/nous-contacter\\\/\"]}]},{\"@type\":\"ImageObject\",\"inLanguage\":\"fr-FR\",\"@id\":\"https:\\\/\\\/societe-api.fr\\\/index.php\\\/nous-contacter\\\/#primaryimage\",\"url\":\"https:\\\/\\\/societe-api.fr\\\/wp-content\\\/uploads\\\/2023\\\/01\\\/photo-contact-API-site-scaled.jpg\",\"contentUrl\":\"https:\\\/\\\/societe-api.fr\\\/wp-content\\\/uploads\\\/2023\\\/01\\\/photo-contact-API-site-scaled.jpg\",\"width\":2560,\"height\":991,\"caption\":\"Job. Business woman in the office\"},{\"@type\":\"BreadcrumbList\",\"@id\":\"https:\\\/\\\/societe-api.fr\\\/index.php\\\/nous-contacter\\\/#breadcrumb\",\"itemListElement\":[{\"@type\":\"ListItem\",\"position\":1,\"name\":\"Accueil\",\"item\":\"https:\\\/\\\/societe-api.fr\\\/\"},{\"@type\":\"ListItem\",\"position\":2,\"name\":\"Nous contacter\"}]},{\"@type\":\"WebSite\",\"@id\":\"https:\\\/\\\/societe-api.fr\\\/#website\",\"url\":\"https:\\\/\\\/societe-api.fr\\\/\",\"name\":\"L&#039;Atelier du Panneau Isolant\",\"description\":\"\",\"publisher\":{\"@id\":\"https:\\\/\\\/societe-api.fr\\\/#organization\"},\"potentialAction\":[{\"@type\":\"SearchAction\",\"target\":{\"@type\":\"EntryPoint\",\"urlTemplate\":\"https:\\\/\\\/societe-api.fr\\\/?s={search_term_string}\"},\"query-input\":{\"@type\":\"PropertyValueSpecification\",\"valueRequired\":true,\"valueName\":\"search_term_string\"}}],\"inLanguage\":\"fr-FR\"},{\"@type\":\"Organization\",\"@id\":\"https:\\\/\\\/societe-api.fr\\\/#organization\",\"name\":\"L&#039;Atelier du Panneau Isolant\",\"url\":\"https:\\\/\\\/societe-api.fr\\\/\",\"logo\":{\"@type\":\"ImageObject\",\"inLanguage\":\"fr-FR\",\"@id\":\"https:\\\/\\\/societe-api.fr\\\/#\\\/schema\\\/logo\\\/image\\\/\",\"url\":\"https:\\\/\\\/societe-api.fr\\\/wp-content\\\/uploads\\\/2022\\\/05\\\/cropped-LOGO-API-HD-01-1.jpg\",\"contentUrl\":\"https:\\\/\\\/societe-api.fr\\\/wp-content\\\/uploads\\\/2022\\\/05\\\/cropped-LOGO-API-HD-01-1.jpg\",\"width\":255,\"height\":125,\"caption\":\"L&#039;Atelier du Panneau Isolant\"},\"image\":{\"@id\":\"https:\\\/\\\/societe-api.fr\\\/#\\\/schema\\\/logo\\\/image\\\/\"}}]}<\/script>\n<!-- \/ Yoast SEO plugin. -->","yoast_head_json":{"title":"Nous contacter - L&#039;Atelier du Panneau Isolant","description":"Vous d\u00e9sirez nous contacter pour un devis personnalis\u00e9 ? Vous souhaitez candidater chez API ? Remplissez ce formulaire de contact !","robots":{"index":"index","follow":"follow","max-snippet":"max-snippet:-1","max-image-preview":"max-image-preview:large","max-video-preview":"max-video-preview:-1"},"canonical":"https:\/\/societe-api.fr\/index.php\/nous-contacter\/","og_locale":"fr_FR","og_type":"article","og_title":"Nous contacter - L&#039;Atelier du Panneau Isolant","og_description":"Vous d\u00e9sirez nous contacter pour un devis personnalis\u00e9 ? Vous souhaitez candidater chez API ? Remplissez ce formulaire de contact !","og_url":"https:\/\/societe-api.fr\/index.php\/nous-contacter\/","og_site_name":"L&#039;Atelier du Panneau Isolant","article_modified_time":"2023-01-04T17:55:30+00:00","og_image":[{"url":"https:\/\/societe-api.fr\/wp-content\/uploads\/2023\/01\/photo-contact-API-site-1024x396.jpg","type":"","width":"","height":""}],"twitter_card":"summary_large_image","twitter_misc":{"Dur\u00e9e de lecture estim\u00e9e":"1 minute"},"schema":{"@context":"https:\/\/schema.org","@graph":[{"@type":"WebPage","@id":"https:\/\/societe-api.fr\/index.php\/nous-contacter\/","url":"https:\/\/societe-api.fr\/index.php\/nous-contacter\/","name":"Nous contacter - L&#039;Atelier du Panneau Isolant","isPartOf":{"@id":"https:\/\/societe-api.fr\/#website"},"primaryImageOfPage":{"@id":"https:\/\/societe-api.fr\/index.php\/nous-contacter\/#primaryimage"},"image":{"@id":"https:\/\/societe-api.fr\/index.php\/nous-contacter\/#primaryimage"},"thumbnailUrl":"https:\/\/societe-api.fr\/wp-content\/uploads\/2023\/01\/photo-contact-API-site-1024x396.jpg","datePublished":"2022-05-26T14:24:14+00:00","dateModified":"2023-01-04T17:55:30+00:00","description":"Vous d\u00e9sirez nous contacter pour un devis personnalis\u00e9 ? Vous souhaitez candidater chez API ? Remplissez ce formulaire de contact !","breadcrumb":{"@id":"https:\/\/societe-api.fr\/index.php\/nous-contacter\/#breadcrumb"},"inLanguage":"fr-FR","potentialAction":[{"@type":"ReadAction","target":["https:\/\/societe-api.fr\/index.php\/nous-contacter\/"]}]},{"@type":"ImageObject","inLanguage":"fr-FR","@id":"https:\/\/societe-api.fr\/index.php\/nous-contacter\/#primaryimage","url":"https:\/\/societe-api.fr\/wp-content\/uploads\/2023\/01\/photo-contact-API-site-scaled.jpg","contentUrl":"https:\/\/societe-api.fr\/wp-content\/uploads\/2023\/01\/photo-contact-API-site-scaled.jpg","width":2560,"height":991,"caption":"Job. Business woman in the office"},{"@type":"BreadcrumbList","@id":"https:\/\/societe-api.fr\/index.php\/nous-contacter\/#breadcrumb","itemListElement":[{"@type":"ListItem","position":1,"name":"Accueil","item":"https:\/\/societe-api.fr\/"},{"@type":"ListItem","position":2,"name":"Nous contacter"}]},{"@type":"WebSite","@id":"https:\/\/societe-api.fr\/#website","url":"https:\/\/societe-api.fr\/","name":"L&#039;Atelier du Panneau Isolant","description":"","publisher":{"@id":"https:\/\/societe-api.fr\/#organization"},"potentialAction":[{"@type":"SearchAction","target":{"@type":"EntryPoint","urlTemplate":"https:\/\/societe-api.fr\/?s={search_term_string}"},"query-input":{"@type":"PropertyValueSpecification","valueRequired":true,"valueName":"search_term_string"}}],"inLanguage":"fr-FR"},{"@type":"Organization","@id":"https:\/\/societe-api.fr\/#organization","name":"L&#039;Atelier du Panneau Isolant","url":"https:\/\/societe-api.fr\/","logo":{"@type":"ImageObject","inLanguage":"fr-FR","@id":"https:\/\/societe-api.fr\/#\/schema\/logo\/image\/","url":"https:\/\/societe-api.fr\/wp-content\/uploads\/2022\/05\/cropped-LOGO-API-HD-01-1.jpg","contentUrl":"https:\/\/societe-api.fr\/wp-content\/uploads\/2022\/05\/cropped-LOGO-API-HD-01-1.jpg","width":255,"height":125,"caption":"L&#039;Atelier du Panneau Isolant"},"image":{"@id":"https:\/\/societe-api.fr\/#\/schema\/logo\/image\/"}}]}},"_links":{"self":[{"href":"https:\/\/societe-api.fr\/index.php\/wp-json\/wp\/v2\/pages\/75","targetHints":{"allow":["GET"]}}],"collection":[{"href":"https:\/\/societe-api.fr\/index.php\/wp-json\/wp\/v2\/pages"}],"about":[{"href":"https:\/\/societe-api.fr\/index.php\/wp-json\/wp\/v2\/types\/page"}],"author":[{"embeddable":true,"href":"https:\/\/societe-api.fr\/index.php\/wp-json\/wp\/v2\/users\/1"}],"replies":[{"embeddable":true,"href":"https:\/\/societe-api.fr\/index.php\/wp-json\/wp\/v2\/comments?post=75"}],"version-history":[{"count":9,"href":"https:\/\/societe-api.fr\/index.php\/wp-json\/wp\/v2\/pages\/75\/revisions"}],"predecessor-version":[{"id":309,"href":"https:\/\/societe-api.fr\/index.php\/wp-json\/wp\/v2\/pages\/75\/revisions\/309"}],"wp:attachment":[{"href":"https:\/\/societe-api.fr\/index.php\/wp-json\/wp\/v2\/media?parent=75"}],"curies":[{"name":"wp","href":"https:\/\/api.w.org\/{rel}","templated":true}]}}